{"id":330,"date":"2022-08-18T19:12:07","date_gmt":"2022-08-18T17:12:07","guid":{"rendered":"https:\/\/rollerstgermaintuesg.fr\/?page_id=330"},"modified":"2022-08-20T13:02:53","modified_gmt":"2022-08-20T11:02:53","slug":"adultes-initiation-et-perfectionnement","status":"publish","type":"page","link":"https:\/\/rollerstgermaintuesg.fr\/?page_id=330","title":{"rendered":"Adultes (initiation et perfectionnement)"},"content":{"rendered":"\n<p>&nbsp;A  partir de 16 ans, le lundi de 20h \u00e0 21h30 au gymnase Schnapper ou en ext\u00e9rieur. <\/p>\n\n\n\n<p>Apprendre les fondamentaux du roller (s&#8217;\u00e9quilibrer, se propulser, freiner, se diriger, savoir franchir des obstacles, \u2026) pour se d\u00e9placer en toute confiance.<\/p>\n\n\n\n<figure class=\"wp-block-image size-full is-resized\"><img loading=\"lazy\" src=\"https:\/\/rollerstgermaintuesg.fr\/wp-content\/uploads\/2022\/08\/balade3.jpg\" alt=\"\" class=\"wp-image-518\" width=\"357\" height=\"268\" srcset=\"https:\/\/rollerstgermaintuesg.fr\/wp-content\/uploads\/2022\/08\/balade3.jpg 640w, https:\/\/rollerstgermaintuesg.fr\/wp-content\/uploads\/2022\/08\/balade3-300x225.jpg 300w, https:\/\/rollerstgermaintuesg.fr\/wp-content\/uploads\/2022\/08\/balade3-200x150.jpg 200w\" sizes=\"(max-width: 357px) 100vw, 357px\" \/><\/figure>\n","protected":false},"excerpt":{"rendered":"<p>&nbsp;A partir de 16 ans, le lundi de 20h \u00e0 21h30 au gymnase Schnapper ou en ext\u00e9rieur. Apprendre les fondamentaux du roller (s&#8217;\u00e9quilibrer, se propulser, &hellip; <\/p>\n","protected":false},"author":3,"featured_media":0,"parent":0,"menu_order":0,"comment_status":"closed","ping_status":"closed","template":"","meta":[],"_links":{"self":[{"href":"https:\/\/rollerstgermaintuesg.fr\/index.php?rest_route=\/wp\/v2\/pages\/330"}],"collection":[{"href":"https:\/\/rollerstgermaintuesg.fr\/index.php?rest_route=\/wp\/v2\/pages"}],"about":[{"href":"https:\/\/rollerstgermaintuesg.fr\/index.php?rest_route=\/wp\/v2\/types\/page"}],"author":[{"embeddable":true,"href":"https:\/\/rollerstgermaintuesg.fr\/index.php?rest_route=\/wp\/v2\/users\/3"}],"replies":[{"embeddable":true,"href":"https:\/\/rollerstgermaintuesg.fr\/index.php?rest_route=%2Fwp%2Fv2%2Fcomments&post=330"}],"version-history":[{"count":3,"href":"https:\/\/rollerstgermaintuesg.fr\/index.php?rest_route=\/wp\/v2\/pages\/330\/revisions"}],"predecessor-version":[{"id":519,"href":"https:\/\/rollerstgermaintuesg.fr\/index.php?rest_route=\/wp\/v2\/pages\/330\/revisions\/519"}],"wp:attachment":[{"href":"https:\/\/rollerstgermaintuesg.fr\/index.php?rest_route=%2Fwp%2Fv2%2Fmedia&parent=330"}],"curies":[{"name":"wp","href":"https:\/\/api.w.org\/{rel}","templated":true}]}}