{"id":336,"date":"2022-08-18T19:18:44","date_gmt":"2022-08-18T17:18:44","guid":{"rendered":"https:\/\/rollerstgermaintuesg.fr\/?page_id=336"},"modified":"2022-08-20T13:04:35","modified_gmt":"2022-08-20T11:04:35","slug":"ecole-de-course-6-12-ans","status":"publish","type":"page","link":"https:\/\/rollerstgermaintuesg.fr\/?page_id=336","title":{"rendered":"Ecole de course 6-12 ans"},"content":{"rendered":"\n<p>Pour les enfants \u00e0 partir du CP (6\/12 ans), le vendredi de 19h \u00e0 20h15 au gymnase Schnapper. Am\u00e9liorer son patinage et d\u00e9couvrir le monde de la comp\u00e9tition.<\/p>\n\n\n\n<figure class=\"wp-block-image size-full is-resized\"><img loading=\"lazy\" src=\"https:\/\/rollerstgermaintuesg.fr\/wp-content\/uploads\/2022\/08\/course2.jpg\" alt=\"\" class=\"wp-image-521\" width=\"303\" height=\"227\" srcset=\"https:\/\/rollerstgermaintuesg.fr\/wp-content\/uploads\/2022\/08\/course2.jpg 640w, https:\/\/rollerstgermaintuesg.fr\/wp-content\/uploads\/2022\/08\/course2-300x225.jpg 300w, https:\/\/rollerstgermaintuesg.fr\/wp-content\/uploads\/2022\/08\/course2-200x150.jpg 200w\" sizes=\"(max-width: 303px) 100vw, 303px\" \/><\/figure>\n","protected":false},"excerpt":{"rendered":"<p>Pour les enfants \u00e0 partir du CP (6\/12 ans), le vendredi de 19h \u00e0 20h15 au gymnase Schnapper. Am\u00e9liorer son patinage et d\u00e9couvrir le monde &hellip; <\/p>\n","protected":false},"author":3,"featured_media":0,"parent":0,"menu_order":0,"comment_status":"closed","ping_status":"closed","template":"","meta":[],"_links":{"self":[{"href":"https:\/\/rollerstgermaintuesg.fr\/index.php?rest_route=\/wp\/v2\/pages\/336"}],"collection":[{"href":"https:\/\/rollerstgermaintuesg.fr\/index.php?rest_route=\/wp\/v2\/pages"}],"about":[{"href":"https:\/\/rollerstgermaintuesg.fr\/index.php?rest_route=\/wp\/v2\/types\/page"}],"author":[{"embeddable":true,"href":"https:\/\/rollerstgermaintuesg.fr\/index.php?rest_route=\/wp\/v2\/users\/3"}],"replies":[{"embeddable":true,"href":"https:\/\/rollerstgermaintuesg.fr\/index.php?rest_route=%2Fwp%2Fv2%2Fcomments&post=336"}],"version-history":[{"count":3,"href":"https:\/\/rollerstgermaintuesg.fr\/index.php?rest_route=\/wp\/v2\/pages\/336\/revisions"}],"predecessor-version":[{"id":522,"href":"https:\/\/rollerstgermaintuesg.fr\/index.php?rest_route=\/wp\/v2\/pages\/336\/revisions\/522"}],"wp:attachment":[{"href":"https:\/\/rollerstgermaintuesg.fr\/index.php?rest_route=%2Fwp%2Fv2%2Fmedia&parent=336"}],"curies":[{"name":"wp","href":"https:\/\/api.w.org\/{rel}","templated":true}]}}