{"id":340,"date":"2022-08-18T19:18:44","date_gmt":"2022-08-18T17:18:44","guid":{"rendered":"https:\/\/rollerstgermaintuesg.fr\/?page_id=340"},"modified":"2022-08-23T21:37:25","modified_gmt":"2022-08-23T19:37:25","slug":"hockey-phoenix","status":"publish","type":"page","link":"https:\/\/rollerstgermaintuesg.fr\/?page_id=340","title":{"rendered":"Hockey Phoenix"},"content":{"rendered":"\n<figure class=\"wp-container-2 wp-block-gallery-1 wp-block-gallery has-nested-images columns-default is-cropped\">\n<figure class=\"wp-block-image size-large\"><img loading=\"lazy\" width=\"1024\" height=\"684\" data-id=\"608\"  src=\"https:\/\/rollerstgermaintuesg.fr\/wp-content\/uploads\/2022\/08\/289393920_2542902765876644_2803824625929634925_n-1024x684.jpg\" alt=\"\" class=\"wp-image-608\" srcset=\"https:\/\/rollerstgermaintuesg.fr\/wp-content\/uploads\/2022\/08\/289393920_2542902765876644_2803824625929634925_n-1024x684.jpg 1024w, https:\/\/rollerstgermaintuesg.fr\/wp-content\/uploads\/2022\/08\/289393920_2542902765876644_2803824625929634925_n-300x200.jpg 300w, https:\/\/rollerstgermaintuesg.fr\/wp-content\/uploads\/2022\/08\/289393920_2542902765876644_2803824625929634925_n-768x513.jpg 768w, https:\/\/rollerstgermaintuesg.fr\/wp-content\/uploads\/2022\/08\/289393920_2542902765876644_2803824625929634925_n-1536x1025.jpg 1536w, https:\/\/rollerstgermaintuesg.fr\/wp-content\/uploads\/2022\/08\/289393920_2542902765876644_2803824625929634925_n-200x133.jpg 200w, https:\/\/rollerstgermaintuesg.fr\/wp-content\/uploads\/2022\/08\/289393920_2542902765876644_2803824625929634925_n.jpg 2048w\" sizes=\"(max-width: 1024px) 100vw, 1024px\" \/><\/figure>\n\n\n\n<figure class=\"wp-block-image size-large is-resized\"><img loading=\"lazy\" data-id=\"513\"  src=\"https:\/\/rollerstgermaintuesg.fr\/wp-content\/uploads\/2022\/08\/61086161_2223036294623910_7521501055520079872_n-1024x576.jpg\" alt=\"\" class=\"wp-image-513\" width=\"438\" height=\"246\" srcset=\"https:\/\/rollerstgermaintuesg.fr\/wp-content\/uploads\/2022\/08\/61086161_2223036294623910_7521501055520079872_n-1024x576.jpg 1024w, https:\/\/rollerstgermaintuesg.fr\/wp-content\/uploads\/2022\/08\/61086161_2223036294623910_7521501055520079872_n-300x169.jpg 300w, https:\/\/rollerstgermaintuesg.fr\/wp-content\/uploads\/2022\/08\/61086161_2223036294623910_7521501055520079872_n-768x432.jpg 768w, https:\/\/rollerstgermaintuesg.fr\/wp-content\/uploads\/2022\/08\/61086161_2223036294623910_7521501055520079872_n-1536x863.jpg 1536w, https:\/\/rollerstgermaintuesg.fr\/wp-content\/uploads\/2022\/08\/61086161_2223036294623910_7521501055520079872_n-200x112.jpg 200w, https:\/\/rollerstgermaintuesg.fr\/wp-content\/uploads\/2022\/08\/61086161_2223036294623910_7521501055520079872_n.jpg 2048w\" sizes=\"(max-width: 438px) 100vw, 438px\" \/><\/figure>\n<\/figure>\n\n\n\n<p>A partir de 16 ans, au gymnase Schnapper<\/p>\n\n\n\n<p>\u00c9quipe r\u00e9gionale&nbsp;: mardi de 20h30 \u00e0 22h30<\/p>\n\n\n\n<p>\u00c9quipe loisirs\u00a0: vendredi de 20h30 \u00e0 22h30<\/p>\n\n\n\n<p><a href=\"https:\/\/www.facebook.com\/PhoenixSaintGermain\" target=\"_blank\" rel=\"noreferrer noopener\">Facebook Phoenix<\/a><\/p>\n\n\n\n<p><\/p>\n\n\n\n<p><\/p>\n","protected":false},"excerpt":{"rendered":"<p>A partir de 16 ans, au gymnase Schnapper \u00c9quipe r\u00e9gionale&nbsp;: mardi de 20h30 \u00e0 22h30 \u00c9quipe loisirs\u00a0: vendredi de 20h30 \u00e0 22h30 Facebook Phoenix<\/p>\n","protected":false},"author":3,"featured_media":0,"parent":0,"menu_order":0,"comment_status":"closed","ping_status":"closed","template":"","meta":[],"_links":{"self":[{"href":"https:\/\/rollerstgermaintuesg.fr\/index.php?rest_route=\/wp\/v2\/pages\/340"}],"collection":[{"href":"https:\/\/rollerstgermaintuesg.fr\/index.php?rest_route=\/wp\/v2\/pages"}],"about":[{"href":"https:\/\/rollerstgermaintuesg.fr\/index.php?rest_route=\/wp\/v2\/types\/page"}],"author":[{"embeddable":true,"href":"https:\/\/rollerstgermaintuesg.fr\/index.php?rest_route=\/wp\/v2\/users\/3"}],"replies":[{"embeddable":true,"href":"https:\/\/rollerstgermaintuesg.fr\/index.php?rest_route=%2Fwp%2Fv2%2Fcomments&post=340"}],"version-history":[{"count":7,"href":"https:\/\/rollerstgermaintuesg.fr\/index.php?rest_route=\/wp\/v2\/pages\/340\/revisions"}],"predecessor-version":[{"id":609,"href":"https:\/\/rollerstgermaintuesg.fr\/index.php?rest_route=\/wp\/v2\/pages\/340\/revisions\/609"}],"wp:attachment":[{"href":"https:\/\/rollerstgermaintuesg.fr\/index.php?rest_route=%2Fwp%2Fv2%2Fmedia&parent=340"}],"curies":[{"name":"wp","href":"https:\/\/api.w.org\/{rel}","templated":true}]}}