{"id":341,"date":"2022-08-18T19:18:44","date_gmt":"2022-08-18T17:18:44","guid":{"rendered":"https:\/\/rollerstgermaintuesg.fr\/?page_id=341"},"modified":"2023-03-03T13:04:07","modified_gmt":"2023-03-03T12:04:07","slug":"vitesse-course","status":"publish","type":"page","link":"https:\/\/rollerstgermaintuesg.fr\/?page_id=341","title":{"rendered":"Vitesse (course)"},"content":{"rendered":"\n<p><a href=\"http:\/\/rollerstgermaintuesg.fr\/wp-content\/uploads\/2023\/03\/Calendrier_regional-course-2022-2023.xls\">Calendrier r\u00e9gional 2022-2023<\/a>          <a rel=\"noreferrer noopener\" href=\"http:\/\/rollerstgermaintuesg.fr\/wp-content\/uploads\/2022\/11\/calendrier-national2023.pdf\" target=\"_blank\">Calendrier national 2022-2023<\/a><\/p>\n\n\n\n<p>                                                                     <a rel=\"noreferrer noopener\" href=\"http:\/\/rollerstgermaintuesg.fr\/wp-content\/uploads\/2022\/12\/Saint_Germain_Roller_Course.mp4\" target=\"_blank\"> Vid\u00e9o d&#8217;une s\u00e9ance en salle<\/a> (gymnase Schnapper)<\/p>\n\n\n\n<figure class=\"wp-container-2 wp-block-gallery-1 wp-block-gallery has-nested-images columns-default is-cropped\">\n<figure class=\"wp-block-image size-large\"><img loading=\"lazy\" width=\"2048\" height=\"1422\" data-id=\"536\"  src=\"http:\/\/rollerstgermaintuesg.fr\/wp-content\/uploads\/2022\/08\/IMG-20220620-WA0004-Copie.jpg\" alt=\"\" class=\"wp-image-536\" srcset=\"https:\/\/rollerstgermaintuesg.fr\/wp-content\/uploads\/2022\/08\/IMG-20220620-WA0004-Copie.jpg 2048w, https:\/\/rollerstgermaintuesg.fr\/wp-content\/uploads\/2022\/08\/IMG-20220620-WA0004-Copie-300x208.jpg 300w, https:\/\/rollerstgermaintuesg.fr\/wp-content\/uploads\/2022\/08\/IMG-20220620-WA0004-Copie-1024x711.jpg 1024w, https:\/\/rollerstgermaintuesg.fr\/wp-content\/uploads\/2022\/08\/IMG-20220620-WA0004-Copie-768x533.jpg 768w, https:\/\/rollerstgermaintuesg.fr\/wp-content\/uploads\/2022\/08\/IMG-20220620-WA0004-Copie-1536x1067.jpg 1536w, https:\/\/rollerstgermaintuesg.fr\/wp-content\/uploads\/2022\/08\/IMG-20220620-WA0004-Copie-200x139.jpg 200w\" sizes=\"(max-width: 2048px) 100vw, 2048px\" \/><\/figure>\n\n\n\n<figure class=\"wp-block-image size-large\"><img loading=\"lazy\" width=\"1600\" height=\"1200\" data-id=\"535\"  src=\"http:\/\/rollerstgermaintuesg.fr\/wp-content\/uploads\/2022\/08\/IMG-20220328-WA0000-Copie.jpg\" alt=\"\" class=\"wp-image-535\" srcset=\"https:\/\/rollerstgermaintuesg.fr\/wp-content\/uploads\/2022\/08\/IMG-20220328-WA0000-Copie.jpg 1600w, https:\/\/rollerstgermaintuesg.fr\/wp-content\/uploads\/2022\/08\/IMG-20220328-WA0000-Copie-300x225.jpg 300w, https:\/\/rollerstgermaintuesg.fr\/wp-content\/uploads\/2022\/08\/IMG-20220328-WA0000-Copie-1024x768.jpg 1024w, https:\/\/rollerstgermaintuesg.fr\/wp-content\/uploads\/2022\/08\/IMG-20220328-WA0000-Copie-768x576.jpg 768w, https:\/\/rollerstgermaintuesg.fr\/wp-content\/uploads\/2022\/08\/IMG-20220328-WA0000-Copie-1536x1152.jpg 1536w, https:\/\/rollerstgermaintuesg.fr\/wp-content\/uploads\/2022\/08\/IMG-20220328-WA0000-Copie-200x150.jpg 200w\" sizes=\"(max-width: 1600px) 100vw, 1600px\" \/><\/figure>\n<\/figure>\n\n\n\n<p>Les cours s&#8217;adressent aux patineurs exp\u00e9riment\u00e9s ou tr\u00e8s motiv\u00e9s (Le lundi de 18h30 \u00e0 20h au gymnase Schnapper, et le samedi de 14h30 \u00e0 16h \u00e0 Herblay).<\/p>\n","protected":false},"excerpt":{"rendered":"<p>Calendrier r\u00e9gional 2022-2023 Calendrier national 2022-2023 Vid\u00e9o d&#8217;une s\u00e9ance en salle (gymnase Schnapper) Les cours s&#8217;adressent aux patineurs exp\u00e9riment\u00e9s ou tr\u00e8s motiv\u00e9s (Le lundi de &hellip; <\/p>\n","protected":false},"author":3,"featured_media":0,"parent":0,"menu_order":0,"comment_status":"closed","ping_status":"closed","template":"","meta":[],"_links":{"self":[{"href":"https:\/\/rollerstgermaintuesg.fr\/index.php?rest_route=\/wp\/v2\/pages\/341"}],"collection":[{"href":"https:\/\/rollerstgermaintuesg.fr\/index.php?rest_route=\/wp\/v2\/pages"}],"about":[{"href":"https:\/\/rollerstgermaintuesg.fr\/index.php?rest_route=\/wp\/v2\/types\/page"}],"author":[{"embeddable":true,"href":"https:\/\/rollerstgermaintuesg.fr\/index.php?rest_route=\/wp\/v2\/users\/3"}],"replies":[{"embeddable":true,"href":"https:\/\/rollerstgermaintuesg.fr\/index.php?rest_route=%2Fwp%2Fv2%2Fcomments&post=341"}],"version-history":[{"count":11,"href":"https:\/\/rollerstgermaintuesg.fr\/index.php?rest_route=\/wp\/v2\/pages\/341\/revisions"}],"predecessor-version":[{"id":741,"href":"https:\/\/rollerstgermaintuesg.fr\/index.php?rest_route=\/wp\/v2\/pages\/341\/revisions\/741"}],"wp:attachment":[{"href":"https:\/\/rollerstgermaintuesg.fr\/index.php?rest_route=%2Fwp%2Fv2%2Fmedia&parent=341"}],"curies":[{"name":"wp","href":"https:\/\/api.w.org\/{rel}","templated":true}]}}