{"id":362,"date":"2022-08-18T19:34:51","date_gmt":"2022-08-18T17:34:51","guid":{"rendered":"https:\/\/rollerstgermaintuesg.fr\/?page_id=362"},"modified":"2025-09-14T18:58:30","modified_gmt":"2025-09-14T16:58:30","slug":"sinscrire","status":"publish","type":"page","link":"https:\/\/rollerstgermaintuesg.fr\/?page_id=362","title":{"rendered":"S&#8217;inscrire"},"content":{"rendered":"\n<p>Voici la proc\u00e9dure pour r\u00e9aliser votre inscription avant le 30 septembre :<\/p>\n\n\n\n<p><strong><u>Voici la proc\u00e9dure pour r\u00e9aliser l\u2019inscription :<\/u><\/strong><\/p>\n\n\n\n<p>1.&nbsp;&nbsp;Allez sur le site HelloAsso avec le lien suivant :&nbsp;&nbsp;<a rel=\"noreferrer noopener\" target=\"_blank\" href=\"https:\/\/www.helloasso.com\/associations\/trait-d-union-etoile-sangermanoise\/adhesions\/adhesion-saison-roller-2025-2026?_gl=1%2a1t9l9w5%2a_gcl_au%2aMTU1NzUxODAyLjE3NTY2NjA5NDUuMTU1ODg0MzE4MS4xNzU2NzMwOTM0LjE3NTY3MzEwMjY.\">Adh\u00e9sion saison roller 2025-2026<\/a><\/p>\n\n\n\n<p>2. Choisir le nombre de places souhait\u00e9 en fonction des crit\u00e8res suivants : Saint Germanois\/Non Saint Germanois, enfant\/adulte, paiement en 1 fois ou 3 fois<\/p>\n\n\n\n<p>3. Passez \u00e0 l\u2019\u00e9tape suivante (tout en bas apr\u00e8s les tarifs)<\/p>\n\n\n\n<p>4. Remplir le formulaire avec les informations du patineur<\/p>\n\n\n\n<p>5. La photo d\u2019identit\u00e9 est obligatoire<\/p>\n\n\n\n<p>6. Le certificat m\u00e9dical avec la mention \u00ab en comp\u00e9tition \u00bb est obligatoire&nbsp;uniquement pour les adultes&nbsp;et il est valable 3 ans<\/p>\n\n\n\n<p>7. Pour les enfants et les adultes ayant d\u00e9j\u00e0 fourni un certificat m\u00e9dical, il faut t\u00e9l\u00e9charger et remplir&nbsp;l\u2019attestation&nbsp;du questionnaire de sant\u00e9. Elle est en pi\u00e8ce joint \u00e0 ce mail (questionnaire et attestation pour enfant et adulte).&nbsp;<\/p>\n\n\n\n<p>8. Merci de ne pas ins\u00e9rer des documents autres que la photo, l\u2019attestation de sant\u00e9 ou le certificat m\u00e9dical<\/p>\n\n\n\n<p>9. Passer au paiement<\/p>\n\n\n\n<p>10. Bienvenue au club<\/p>\n\n\n\n<p>Si vous avez des questions vous pouvez nous envoyer un mail&nbsp;<a rel=\"noreferrer noopener\" target=\"_blank\" href=\"mailto:tuesg@wanadoo.fr\">tuesg@wanadoo.fr<\/a>&nbsp;ou voir directement les entraineurs pendant les cours.<\/p>\n\n\n\n<p>A bient\u00f4t sur les rollers<\/p>\n\n\n\n<p><em>Clarisse Laporte-Colinet<\/em><\/p>\n\n\n\n<p>Voici les diff\u00e9rents documents n\u00e9cessaires \u00e0 votre inscription :<\/p>\n\n\n\n<ul><li>Questionnaire relatif \u00e0 l&#8217;\u00e9tat de sant\u00e9 du sportif mineur : cliquer <a rel=\"noreferrer noopener\" href=\"http:\/\/rollerstgermaintuesg.fr\/wp-content\/uploads\/2023\/09\/Questionnaire-enfant.pdf\" target=\"_blank\">ici<\/a><\/li><li>Questionnaire de sant\u00e9 (QS sport) : renouvellement de licence : cliquer <a rel=\"noreferrer noopener\" href=\"http:\/\/rollerstgermaintuesg.fr\/wp-content\/uploads\/2023\/09\/Questionnaire-Adulte-1.pdf\" target=\"_blank\">ici<\/a><\/li><li>Attestation parentale du questionnaire de sant\u00e9 du sportif mineur : cliquer <a rel=\"noreferrer noopener\" href=\"http:\/\/rollerstgermaintuesg.fr\/wp-content\/uploads\/2023\/09\/Attestation-enfant-1.pdf\" target=\"_blank\">ici<\/a><\/li><li>Attestation concernant le questionnaire de sant\u00e9 QS Sport : cliquer <a rel=\"noreferrer noopener\" href=\"http:\/\/rollerstgermaintuesg.fr\/wp-content\/uploads\/2023\/09\/Attestation-adulte-5.pdf\" target=\"_blank\">ici<\/a><\/li><li>Conseil pour acheter rollers, protections et casque : cliquer ici<\/li><\/ul>\n\n\n\n<p><\/p>\n\n\n\n<p><\/p>\n\n\n\n<p><\/p>\n","protected":false},"excerpt":{"rendered":"<p>Voici la proc\u00e9dure pour r\u00e9aliser votre inscription avant le 30 septembre : Voici la proc\u00e9dure pour r\u00e9aliser l\u2019inscription : 1.&nbsp;&nbsp;Allez sur le site HelloAsso avec &hellip; <\/p>\n","protected":false},"author":3,"featured_media":0,"parent":0,"menu_order":0,"comment_status":"closed","ping_status":"closed","template":"","meta":[],"_links":{"self":[{"href":"https:\/\/rollerstgermaintuesg.fr\/index.php?rest_route=\/wp\/v2\/pages\/362"}],"collection":[{"href":"https:\/\/rollerstgermaintuesg.fr\/index.php?rest_route=\/wp\/v2\/pages"}],"about":[{"href":"https:\/\/rollerstgermaintuesg.fr\/index.php?rest_route=\/wp\/v2\/types\/page"}],"author":[{"embeddable":true,"href":"https:\/\/rollerstgermaintuesg.fr\/index.php?rest_route=\/wp\/v2\/users\/3"}],"replies":[{"embeddable":true,"href":"https:\/\/rollerstgermaintuesg.fr\/index.php?rest_route=%2Fwp%2Fv2%2Fcomments&post=362"}],"version-history":[{"count":23,"href":"https:\/\/rollerstgermaintuesg.fr\/index.php?rest_route=\/wp\/v2\/pages\/362\/revisions"}],"predecessor-version":[{"id":912,"href":"https:\/\/rollerstgermaintuesg.fr\/index.php?rest_route=\/wp\/v2\/pages\/362\/revisions\/912"}],"wp:attachment":[{"href":"https:\/\/rollerstgermaintuesg.fr\/index.php?rest_route=%2Fwp%2Fv2%2Fmedia&parent=362"}],"curies":[{"name":"wp","href":"https:\/\/api.w.org\/{rel}","templated":true}]}}