{"id":614,"date":"2022-08-24T10:20:44","date_gmt":"2022-08-24T08:20:44","guid":{"rendered":"https:\/\/rollerstgermaintuesg.fr\/?product=babonneau-olivier"},"modified":"2022-08-27T14:21:28","modified_gmt":"2022-08-27T12:21:28","slug":"babonneau-olivier","status":"publish","type":"product","link":"https:\/\/rollerstgermaintuesg.fr\/?product=babonneau-olivier","title":{"rendered":"Babonneau Olivier"},"content":{"rendered":"<p>Voici mes coordonn\u00e9es t\u00e9l\u00e9phoniques : 06.XX.XX.XX.XX<\/p>\n<p>Le prix est fixe.\u00a0<\/p>\n","protected":false},"excerpt":{"rendered":"<p>Voici mes coordonn\u00e9es t\u00e9l\u00e9phoniques : 06.XX.XX.XX.XX Le prix est fixe.\u00a0<\/p>\n","protected":false},"featured_media":613,"comment_status":"closed","ping_status":"closed","template":"","meta":[],"product_cat":[],"product_tag":[],"_links":{"self":[{"href":"https:\/\/rollerstgermaintuesg.fr\/index.php?rest_route=\/wp\/v2\/product\/614"}],"collection":[{"href":"https:\/\/rollerstgermaintuesg.fr\/index.php?rest_route=\/wp\/v2\/product"}],"about":[{"href":"https:\/\/rollerstgermaintuesg.fr\/index.php?rest_route=\/wp\/v2\/types\/product"}],"replies":[{"embeddable":true,"href":"https:\/\/rollerstgermaintuesg.fr\/index.php?rest_route=%2Fwp%2Fv2%2Fcomments&post=614"}],"wp:featuredmedia":[{"embeddable":true,"href":"https:\/\/rollerstgermaintuesg.fr\/index.php?rest_route=\/wp\/v2\/media\/613"}],"wp:attachment":[{"href":"https:\/\/rollerstgermaintuesg.fr\/index.php?rest_route=%2Fwp%2Fv2%2Fmedia&parent=614"}],"wp:term":[{"taxonomy":"product_cat","embeddable":true,"href":"https:\/\/rollerstgermaintuesg.fr\/index.php?rest_route=%2Fwp%2Fv2%2Fproduct_cat&post=614"},{"taxonomy":"product_tag","embeddable":true,"href":"https:\/\/rollerstgermaintuesg.fr\/index.php?rest_route=%2Fwp%2Fv2%2Fproduct_tag&post=614"}],"curies":[{"name":"wp","href":"https:\/\/api.w.org\/{rel}","templated":true}]}}